{"id":3,"date":"2020-11-16T16:53:18","date_gmt":"2020-11-16T15:53:18","guid":{"rendered":"http:\/\/dysland.fr\/?page_id=3"},"modified":"2021-01-02T23:59:36","modified_gmt":"2021-01-02T22:59:36","slug":"qui_sommes_nous","status":"publish","type":"page","link":"https:\/\/dysland.fr\/index.php\/qui_sommes_nous\/","title":{"rendered":"Qui sommes nous ?"},"content":{"rendered":"<section class=\"kc-elm kc-css-351896 kc_row\"><div class=\"kc-row-container  kc-container\"><div class=\"kc-wrap-columns\"><div class=\"kc-elm kc-css-22211 kc_col-sm-12 kc_column kc_col-sm-12\"><div class=\"kc-col-container\"><div class=\"kc-elm kc-css-316318 kc-animated kc-animate-eff-fadeInLeft kc_shortcode kc_single_image\">\n\n        <img decoding=\"async\" src=\"https:\/\/dysland.fr\/wp-content\/uploads\/2021\/01\/mr-nobody.jpg\" class=\"\" alt=\"\" \/>    <\/div>\n<div class=\"kc-elm kc-css-600402\" style=\"height: 20px; clear: both; width:100%;\"><\/div><div class=\"kc-elm kc-css-114100 kc_text_block\"><\/p>\n<h3 style=\"text-align: center;\">Personne !\u00a0\u00a0On veut juste aider les Dyslexiques<\/h3>\n<h3 style=\"text-align: center;\">\u00e0 acc\u00e9der gratuitement \u00e0 des livres adapt\u00e9s \u00e0 eux.\u00a0<\/h3>\n<p>\n<\/div><\/div><\/div><\/div><\/div><\/section>\n","protected":false},"excerpt":{"rendered":"","protected":false},"author":1,"featured_media":0,"parent":0,"menu_order":0,"comment_status":"closed","ping_status":"open","template":"","meta":{"footnotes":""},"class_list":["post-3","page","type-page","status-publish","hentry"],"yoast_head":"<!-- This site is optimized with the Yoast SEO plugin v27.3 - https:\/\/yoast.com\/product\/yoast-seo-wordpress\/ -->\n<title>Qui sommes nous ? - Dysland - Livre Gratuit pour Dyslexique<\/title>\n<meta name=\"description\" content=\"Personne ! On veut juste aider les Dyslexiques\" \/>\n<meta name=\"robots\" content=\"index, follow, max-snippet:-1, max-image-preview:large, max-video-preview:-1\" \/>\n<link rel=\"canonical\" href=\"https:\/\/dysland.fr\/index.php\/qui_sommes_nous\/\" \/>\n<meta property=\"og:locale\" content=\"fr_FR\" \/>\n<meta property=\"og:type\" content=\"article\" \/>\n<meta property=\"og:title\" content=\"Qui sommes nous ? - Dysland - Livre Gratuit pour Dyslexique\" \/>\n<meta property=\"og:description\" content=\"Personne ! On veut juste aider les Dyslexiques\" \/>\n<meta property=\"og:url\" content=\"https:\/\/dysland.fr\/index.php\/qui_sommes_nous\/\" \/>\n<meta property=\"og:site_name\" content=\"Dysland\" \/>\n<meta property=\"article:modified_time\" content=\"2021-01-02T22:59:36+00:00\" \/>\n<meta property=\"og:image\" content=\"http:\/\/dysland.fr\/wp-content\/uploads\/2021\/01\/mr-nobody.jpg\" \/>\n<meta name=\"twitter:card\" content=\"summary_large_image\" \/>\n<script type=\"application\/ld+json\" class=\"yoast-schema-graph\">{\"@context\":\"https:\\\/\\\/schema.org\",\"@graph\":[{\"@type\":\"WebPage\",\"@id\":\"https:\\\/\\\/dysland.fr\\\/index.php\\\/qui_sommes_nous\\\/\",\"url\":\"https:\\\/\\\/dysland.fr\\\/index.php\\\/qui_sommes_nous\\\/\",\"name\":\"Qui sommes nous ? - Dysland - Livre Gratuit pour Dyslexique\",\"isPartOf\":{\"@id\":\"https:\\\/\\\/dysland.fr\\\/#website\"},\"primaryImageOfPage\":{\"@id\":\"https:\\\/\\\/dysland.fr\\\/index.php\\\/qui_sommes_nous\\\/#primaryimage\"},\"image\":{\"@id\":\"https:\\\/\\\/dysland.fr\\\/index.php\\\/qui_sommes_nous\\\/#primaryimage\"},\"thumbnailUrl\":\"http:\\\/\\\/dysland.fr\\\/wp-content\\\/uploads\\\/2021\\\/01\\\/mr-nobody.jpg\",\"datePublished\":\"2020-11-16T15:53:18+00:00\",\"dateModified\":\"2021-01-02T22:59:36+00:00\",\"description\":\"Personne ! On veut juste aider les Dyslexiques\",\"breadcrumb\":{\"@id\":\"https:\\\/\\\/dysland.fr\\\/index.php\\\/qui_sommes_nous\\\/#breadcrumb\"},\"inLanguage\":\"fr-FR\",\"potentialAction\":[{\"@type\":\"ReadAction\",\"target\":[\"https:\\\/\\\/dysland.fr\\\/index.php\\\/qui_sommes_nous\\\/\"]}]},{\"@type\":\"ImageObject\",\"inLanguage\":\"fr-FR\",\"@id\":\"https:\\\/\\\/dysland.fr\\\/index.php\\\/qui_sommes_nous\\\/#primaryimage\",\"url\":\"https:\\\/\\\/dysland.fr\\\/wp-content\\\/uploads\\\/2021\\\/01\\\/mr-nobody.jpg\",\"contentUrl\":\"https:\\\/\\\/dysland.fr\\\/wp-content\\\/uploads\\\/2021\\\/01\\\/mr-nobody.jpg\",\"width\":640,\"height\":489,\"caption\":\"Personne !\"},{\"@type\":\"BreadcrumbList\",\"@id\":\"https:\\\/\\\/dysland.fr\\\/index.php\\\/qui_sommes_nous\\\/#breadcrumb\",\"itemListElement\":[{\"@type\":\"ListItem\",\"position\":1,\"name\":\"Accueil\",\"item\":\"https:\\\/\\\/dysland.fr\\\/\"},{\"@type\":\"ListItem\",\"position\":2,\"name\":\"Qui sommes nous ?\"}]},{\"@type\":\"WebSite\",\"@id\":\"https:\\\/\\\/dysland.fr\\\/#website\",\"url\":\"https:\\\/\\\/dysland.fr\\\/\",\"name\":\"Dysland.fr\",\"description\":\"En terre de dyslexie...\",\"publisher\":{\"@id\":\"https:\\\/\\\/dysland.fr\\\/#organization\"},\"potentialAction\":[{\"@type\":\"SearchAction\",\"target\":{\"@type\":\"EntryPoint\",\"urlTemplate\":\"https:\\\/\\\/dysland.fr\\\/?s={search_term_string}\"},\"query-input\":{\"@type\":\"PropertyValueSpecification\",\"valueRequired\":true,\"valueName\":\"search_term_string\"}}],\"inLanguage\":\"fr-FR\"},{\"@type\":\"Organization\",\"@id\":\"https:\\\/\\\/dysland.fr\\\/#organization\",\"name\":\"DYSLAND\",\"url\":\"https:\\\/\\\/dysland.fr\\\/\",\"logo\":{\"@type\":\"ImageObject\",\"inLanguage\":\"fr-FR\",\"@id\":\"https:\\\/\\\/dysland.fr\\\/#\\\/schema\\\/logo\\\/image\\\/\",\"url\":\"https:\\\/\\\/dysland.fr\\\/wp-content\\\/uploads\\\/2020\\\/11\\\/DysLand-Small-1.png\",\"contentUrl\":\"https:\\\/\\\/dysland.fr\\\/wp-content\\\/uploads\\\/2020\\\/11\\\/DysLand-Small-1.png\",\"width\":222,\"height\":42,\"caption\":\"DYSLAND\"},\"image\":{\"@id\":\"https:\\\/\\\/dysland.fr\\\/#\\\/schema\\\/logo\\\/image\\\/\"}}]}<\/script>\n<!-- \/ Yoast SEO plugin. -->","yoast_head_json":{"title":"Qui sommes nous ? - Dysland - Livre Gratuit pour Dyslexique","description":"Personne ! On veut juste aider les Dyslexiques","robots":{"index":"index","follow":"follow","max-snippet":"max-snippet:-1","max-image-preview":"max-image-preview:large","max-video-preview":"max-video-preview:-1"},"canonical":"https:\/\/dysland.fr\/index.php\/qui_sommes_nous\/","og_locale":"fr_FR","og_type":"article","og_title":"Qui sommes nous ? - Dysland - Livre Gratuit pour Dyslexique","og_description":"Personne ! On veut juste aider les Dyslexiques","og_url":"https:\/\/dysland.fr\/index.php\/qui_sommes_nous\/","og_site_name":"Dysland","article_modified_time":"2021-01-02T22:59:36+00:00","og_image":[{"url":"http:\/\/dysland.fr\/wp-content\/uploads\/2021\/01\/mr-nobody.jpg","type":"","width":"","height":""}],"twitter_card":"summary_large_image","schema":{"@context":"https:\/\/schema.org","@graph":[{"@type":"WebPage","@id":"https:\/\/dysland.fr\/index.php\/qui_sommes_nous\/","url":"https:\/\/dysland.fr\/index.php\/qui_sommes_nous\/","name":"Qui sommes nous ? - Dysland - Livre Gratuit pour Dyslexique","isPartOf":{"@id":"https:\/\/dysland.fr\/#website"},"primaryImageOfPage":{"@id":"https:\/\/dysland.fr\/index.php\/qui_sommes_nous\/#primaryimage"},"image":{"@id":"https:\/\/dysland.fr\/index.php\/qui_sommes_nous\/#primaryimage"},"thumbnailUrl":"http:\/\/dysland.fr\/wp-content\/uploads\/2021\/01\/mr-nobody.jpg","datePublished":"2020-11-16T15:53:18+00:00","dateModified":"2021-01-02T22:59:36+00:00","description":"Personne ! On veut juste aider les Dyslexiques","breadcrumb":{"@id":"https:\/\/dysland.fr\/index.php\/qui_sommes_nous\/#breadcrumb"},"inLanguage":"fr-FR","potentialAction":[{"@type":"ReadAction","target":["https:\/\/dysland.fr\/index.php\/qui_sommes_nous\/"]}]},{"@type":"ImageObject","inLanguage":"fr-FR","@id":"https:\/\/dysland.fr\/index.php\/qui_sommes_nous\/#primaryimage","url":"https:\/\/dysland.fr\/wp-content\/uploads\/2021\/01\/mr-nobody.jpg","contentUrl":"https:\/\/dysland.fr\/wp-content\/uploads\/2021\/01\/mr-nobody.jpg","width":640,"height":489,"caption":"Personne !"},{"@type":"BreadcrumbList","@id":"https:\/\/dysland.fr\/index.php\/qui_sommes_nous\/#breadcrumb","itemListElement":[{"@type":"ListItem","position":1,"name":"Accueil","item":"https:\/\/dysland.fr\/"},{"@type":"ListItem","position":2,"name":"Qui sommes nous ?"}]},{"@type":"WebSite","@id":"https:\/\/dysland.fr\/#website","url":"https:\/\/dysland.fr\/","name":"Dysland.fr","description":"En terre de dyslexie...","publisher":{"@id":"https:\/\/dysland.fr\/#organization"},"potentialAction":[{"@type":"SearchAction","target":{"@type":"EntryPoint","urlTemplate":"https:\/\/dysland.fr\/?s={search_term_string}"},"query-input":{"@type":"PropertyValueSpecification","valueRequired":true,"valueName":"search_term_string"}}],"inLanguage":"fr-FR"},{"@type":"Organization","@id":"https:\/\/dysland.fr\/#organization","name":"DYSLAND","url":"https:\/\/dysland.fr\/","logo":{"@type":"ImageObject","inLanguage":"fr-FR","@id":"https:\/\/dysland.fr\/#\/schema\/logo\/image\/","url":"https:\/\/dysland.fr\/wp-content\/uploads\/2020\/11\/DysLand-Small-1.png","contentUrl":"https:\/\/dysland.fr\/wp-content\/uploads\/2020\/11\/DysLand-Small-1.png","width":222,"height":42,"caption":"DYSLAND"},"image":{"@id":"https:\/\/dysland.fr\/#\/schema\/logo\/image\/"}}]}},"_links":{"self":[{"href":"https:\/\/dysland.fr\/index.php\/wp-json\/wp\/v2\/pages\/3","targetHints":{"allow":["GET"]}}],"collection":[{"href":"https:\/\/dysland.fr\/index.php\/wp-json\/wp\/v2\/pages"}],"about":[{"href":"https:\/\/dysland.fr\/index.php\/wp-json\/wp\/v2\/types\/page"}],"author":[{"embeddable":true,"href":"https:\/\/dysland.fr\/index.php\/wp-json\/wp\/v2\/users\/1"}],"replies":[{"embeddable":true,"href":"https:\/\/dysland.fr\/index.php\/wp-json\/wp\/v2\/comments?post=3"}],"version-history":[{"count":21,"href":"https:\/\/dysland.fr\/index.php\/wp-json\/wp\/v2\/pages\/3\/revisions"}],"predecessor-version":[{"id":3932,"href":"https:\/\/dysland.fr\/index.php\/wp-json\/wp\/v2\/pages\/3\/revisions\/3932"}],"wp:attachment":[{"href":"https:\/\/dysland.fr\/index.php\/wp-json\/wp\/v2\/media?parent=3"}],"curies":[{"name":"wp","href":"https:\/\/api.w.org\/{rel}","templated":true}]}}