{"id":3665,"date":"2020-11-19T21:46:41","date_gmt":"2020-11-19T20:46:41","guid":{"rendered":"http:\/\/dysland.fr\/?page_id=3665"},"modified":"2021-01-02T22:51:54","modified_gmt":"2021-01-02T21:51:54","slug":"librairie-2","status":"publish","type":"page","link":"https:\/\/dysland.fr\/index.php\/librairie-2\/","title":{"rendered":"Librairie"},"content":{"rendered":"<section class=\"kc-elm kc-css-399732 kc_row\"><div class=\"kc-row-container  kc-container\"><div class=\"kc-wrap-columns\"><div class=\"kc-elm kc-css-887840 kc_col-sm-12 kc_column kc_col-sm-12\"><div class=\"kc-col-container\"><div class=\"wrap gs_bookshowcase_area gs_book_theme1\"><div class=\"gs-container\"><div class=\"gs-row clearfix gs_bookshowcase\" id=\"gs_bookshowcase3665\"><div class=\"col-md-4 col-sm-6 col-xs-6\"><div class=\"single-book center\"><img decoding=\"async\" src=\"https:\/\/dysland.fr\/wp-content\/uploads\/2022\/12\/Dickens_aventures_monsieur_pickwick-1.jpg\" alt=\"\" \/><div class=\"single-book-desc-info\"><div class=\"gs-book-desc grey-desc\">Un beau matin de 1827, le distingu\u00e9 Pickwick Club de Londres d\u00e9cide de cr\u00e9er une soci\u00e9t\u00e9 itin\u00e9rante, afin de parcourir l'Angleterre et d'alerter ses membres sur les dangers des voyages....<a href=\"https:\/\/dysland.fr\/index.php\/books\/les-aventures-d-monsieur-pickwick\/\">R\u00e9sum\u00e9<\/a><\/div><div class=\"gs-bookshowcase-info center\"><div class=\"gs-book-author\"><span class=\"book-label\">Auteur : <\/span><span class=\"book-auth\">Charles Dickens<\/span><\/div><div class=\"gs-book-publisher\"><span class=\"book-label\">Contributeur : <\/span>Quentin<\/div><div class=\"gs-book-url\"><span class=\"book-label\">T\u00e9l\u00e9charger : <\/span><a href=https:\/\/dysland.fr\/wp-content\/uploads\/2022\/12\/Dickens_aventure_monsieur_pickwick.pdf target=\"_self\"><\/a><\/div><\/div><\/div><\/div><div class=\"gs-book-name center\">Les Aventures d Monsieur Pickwick<\/div><\/div><div class=\"col-md-4 col-sm-6 col-xs-6\"><div class=\"single-book center\"><img decoding=\"async\" src=\"https:\/\/dysland.fr\/wp-content\/uploads\/2022\/12\/Dickens_amis_communs-1.jpg\" alt=\"\" \/><div class=\"single-book-desc-info\"><div class=\"gs-book-desc grey-desc\">Un jeune homme se pr\u00e9sente alors, proposant de devenir leur secr\u00e9taire particulier.Dernier roman achev\u00e9 de Dickens, L'Ami commun r\u00e9unit toutes les facettes de son oeuvre, mais durcit encore davant...<a href=\"https:\/\/dysland.fr\/index.php\/books\/ami-commun\/\">R\u00e9sum\u00e9<\/a><\/div><div class=\"gs-bookshowcase-info center\"><div class=\"gs-book-author\"><span class=\"book-label\">Auteur : <\/span><span class=\"book-auth\">Charles Dickens<\/span><\/div><div class=\"gs-book-publisher\"><span class=\"book-label\">Contributeur : <\/span>Quentin<\/div><div class=\"gs-book-url\"><span class=\"book-label\">T\u00e9l\u00e9charger : <\/span><a href=https:\/\/dysland.fr\/wp-content\/uploads\/2022\/12\/Dickens_ami_commun.pdf target=\"_self\"><\/a><\/div><\/div><\/div><\/div><div class=\"gs-book-name center\">Ami commun<\/div><\/div><div class=\"col-md-4 col-sm-6 col-xs-6\"><div class=\"single-book center\"><img decoding=\"async\" src=\"https:\/\/dysland.fr\/wp-content\/uploads\/2022\/12\/dracula-2.jpg\" alt=\"\" \/><div class=\"single-book-desc-info\"><div class=\"gs-book-desc grey-desc\">Jonathan Harker, en voyage d'affaires en Europe de l'Est, d\u00e9crit son p\u00e9riple \u00e0 travers l'une des r\u00e9gions les plus isol\u00e9es de l'Europe. Il part \u00e0 la rencontre d\u2019un noble de Transylvanie, le com...<a href=\"https:\/\/dysland.fr\/index.php\/books\/dracula\/\">R\u00e9sum\u00e9<\/a><\/div><div class=\"gs-bookshowcase-info center\"><div class=\"gs-book-author\"><span class=\"book-label\">Auteur : <\/span><span class=\"book-auth\">Bram Stoker<\/span><\/div><div class=\"gs-book-publisher\"><span class=\"book-label\">Contributeur : <\/span>Quentin<\/div><div class=\"gs-book-url\"><span class=\"book-label\">T\u00e9l\u00e9charger : <\/span><a href=https:\/\/dysland.fr\/wp-content\/uploads\/2022\/12\/Dracula_Bram_Stoker.pdf target=\"_self\"><\/a><\/div><\/div><\/div><\/div><div class=\"gs-book-name center\">Dracula<\/div><\/div><div class=\"col-md-4 col-sm-6 col-xs-6\"><div class=\"single-book center\"><img decoding=\"async\" src=\"https:\/\/dysland.fr\/wp-content\/uploads\/2022\/12\/download-1.jpg\" alt=\"\" \/><div class=\"single-book-desc-info\"><div class=\"gs-book-desc grey-desc\">Le jeune Pip, orphelin \u00e9lev\u00e9 \u00e0 la dure, r\u00eave de devenir un gentleman, un lettr\u00e9, un dandy, lui dont les mani\u00e8res sont celles d'un rustaud et le destin de devenir forgeron....<a href=\"https:\/\/dysland.fr\/index.php\/books\/les-grandes-esperances\/\">R\u00e9sum\u00e9<\/a><\/div><div class=\"gs-bookshowcase-info center\"><div class=\"gs-book-author\"><span class=\"book-label\">Auteur : <\/span><span class=\"book-auth\">Charles Dickens<\/span><\/div><div class=\"gs-book-publisher\"><span class=\"book-label\">Contributeur : <\/span>Quentin<\/div><div class=\"gs-book-url\"><span class=\"book-label\">T\u00e9l\u00e9charger : <\/span><a href=https:\/\/dysland.fr\/wp-content\/uploads\/2022\/12\/Charles_Dickens_les_grandes_esperances.pdf target=\"_self\"><\/a><\/div><\/div><\/div><\/div><div class=\"gs-book-name center\">Les grandes esp\u00e9rances<\/div><\/div><div class=\"col-md-4 col-sm-6 col-xs-6\"><div class=\"single-book center\"><img decoding=\"async\" src=\"https:\/\/dysland.fr\/wp-content\/uploads\/2022\/12\/Alphonse_Karr_sous_les_tilleuls.jpg\" alt=\"\" \/><div class=\"single-book-desc-info\"><div class=\"gs-book-desc grey-desc\">Stephen, jeune homme, romantique, quitte la maison familiale suite \u00e0 une altercation avec son p\u00e8re au sujet d'un mariage que l'on voulait lui imposer. Il se r\u00e9fugie \u00e0 la campagne o\u00f9 il loue une c...<a href=\"https:\/\/dysland.fr\/index.php\/books\/sous-les-tilleuls\/\">R\u00e9sum\u00e9<\/a><\/div><div class=\"gs-bookshowcase-info center\"><div class=\"gs-book-author\"><span class=\"book-label\">Auteur : <\/span><span class=\"book-auth\">Alphonse Karr<\/span><\/div><div class=\"gs-book-publisher\"><span class=\"book-label\">Contributeur : <\/span>Quentin<\/div><div class=\"gs-book-url\"><span class=\"book-label\">T\u00e9l\u00e9charger : <\/span><a href=https:\/\/dysland.fr\/wp-content\/uploads\/2022\/12\/Karr_sous_les_tilleuls.pdf target=\"_self\"><\/a><\/div><\/div><\/div><\/div><div class=\"gs-book-name center\">Sous les tilleuls<\/div><\/div><div class=\"col-md-4 col-sm-6 col-xs-6\"><div class=\"single-book center\"><img decoding=\"async\" src=\"https:\/\/dysland.fr\/wp-content\/uploads\/2022\/12\/les_cinq_filles_mrs_bennet-1.png\" alt=\"\" \/><div class=\"single-book-desc-info\"><div class=\"gs-book-desc grey-desc\">En Angleterre, dans la soci\u00e9t\u00e9 provinciale guind\u00e9e, fi\u00e8re de ses privil\u00e8ges et de son rang social, Mrs. Bennett, m\u00e8re de cinq filles, veut \u00e0 tout prix les marier... Elle n'h\u00e9site pas \u00e0 faire ...<a href=\"https:\/\/dysland.fr\/index.php\/books\/les-cinq-filles-de-mrs-bennet\/\">R\u00e9sum\u00e9<\/a><\/div><div class=\"gs-bookshowcase-info center\"><div class=\"gs-book-author\"><span class=\"book-label\">Auteur : <\/span><span class=\"book-auth\">Jane Austen<\/span><\/div><div class=\"gs-book-publisher\"><span class=\"book-label\">Contributeur : <\/span>Quentin<\/div><div class=\"gs-book-url\"><span class=\"book-label\">T\u00e9l\u00e9charger : <\/span><a href=https:\/\/dysland.fr\/wp-content\/uploads\/2022\/12\/les_cinq_fille_de_mrs_bennet.pdf target=\"_self\"><\/a><\/div><\/div><\/div><\/div><div class=\"gs-book-name center\">Les cinq filles de Mrs Bennet<\/div><\/div><\/div><div class=\"row clearfix\"><div class=\"col-md-12 gs-pagination\"><span aria-current=\"page\" class=\"page-numbers current\">1<\/span>\n<a class=\"page-numbers\" href=\"https:\/\/dysland.fr\/index.php\/wp-json\/wp\/v2\/pages\/3665\/page\/2\/\">2<\/a>\n<a class=\"page-numbers\" href=\"https:\/\/dysland.fr\/index.php\/wp-json\/wp\/v2\/pages\/3665\/page\/3\/\">3<\/a>\n<span class=\"page-numbers dots\">\u2026<\/span>\n<a class=\"page-numbers\" href=\"https:\/\/dysland.fr\/index.php\/wp-json\/wp\/v2\/pages\/3665\/page\/21\/\">21<\/a>\n<a class=\"next page-numbers\" href=\"https:\/\/dysland.fr\/index.php\/wp-json\/wp\/v2\/pages\/3665\/page\/2\/\">Suivant\u00a0\u00bb<\/a><\/div><\/div><\/div><\/div><\/div><\/div><\/div><\/div><\/section>\n","protected":false},"excerpt":{"rendered":"","protected":false},"author":1,"featured_media":0,"parent":0,"menu_order":0,"comment_status":"closed","ping_status":"closed","template":"","meta":{"footnotes":""},"class_list":["post-3665","page","type-page","status-publish","hentry"],"yoast_head":"<!-- This site is optimized with the Yoast SEO plugin v27.4 - https:\/\/yoast.com\/product\/yoast-seo-wordpress\/ -->\n<title>Librairie - Dysland - Livre gratuit pour Dyslexique<\/title>\n<meta name=\"description\" content=\"Librairie gratuite pour Dyslexique\" \/>\n<meta name=\"robots\" content=\"index, follow, max-snippet:-1, max-image-preview:large, max-video-preview:-1\" \/>\n<link rel=\"canonical\" href=\"https:\/\/dysland.fr\/index.php\/librairie-2\/\" \/>\n<meta property=\"og:locale\" content=\"fr_FR\" \/>\n<meta property=\"og:type\" content=\"article\" \/>\n<meta property=\"og:title\" content=\"Librairie - Dysland - Livre gratuit pour Dyslexique\" \/>\n<meta property=\"og:description\" content=\"Librairie gratuite pour Dyslexique\" \/>\n<meta property=\"og:url\" content=\"https:\/\/dysland.fr\/index.php\/librairie-2\/\" \/>\n<meta property=\"og:site_name\" content=\"Dysland\" \/>\n<meta property=\"article:modified_time\" content=\"2021-01-02T21:51:54+00:00\" \/>\n<meta property=\"og:image\" content=\"http:\/\/dysland.fr\/wp-content\/uploads\/2021\/01\/Appel_foret.jpg\" \/>\n<meta name=\"twitter:card\" content=\"summary_large_image\" \/>\n<meta name=\"twitter:label1\" content=\"Dur\u00e9e de lecture estim\u00e9e\" \/>\n\t<meta name=\"twitter:data1\" content=\"1 minute\" \/>\n<script type=\"application\/ld+json\" class=\"yoast-schema-graph\">{\"@context\":\"https:\\\/\\\/schema.org\",\"@graph\":[{\"@type\":\"WebPage\",\"@id\":\"https:\\\/\\\/dysland.fr\\\/index.php\\\/librairie-2\\\/\",\"url\":\"https:\\\/\\\/dysland.fr\\\/index.php\\\/librairie-2\\\/\",\"name\":\"Librairie - Dysland - Livre gratuit pour Dyslexique\",\"isPartOf\":{\"@id\":\"https:\\\/\\\/dysland.fr\\\/#website\"},\"primaryImageOfPage\":{\"@id\":\"https:\\\/\\\/dysland.fr\\\/index.php\\\/librairie-2\\\/#primaryimage\"},\"image\":{\"@id\":\"https:\\\/\\\/dysland.fr\\\/index.php\\\/librairie-2\\\/#primaryimage\"},\"thumbnailUrl\":\"http:\\\/\\\/dysland.fr\\\/wp-content\\\/uploads\\\/2021\\\/01\\\/Appel_foret.jpg\",\"datePublished\":\"2020-11-19T20:46:41+00:00\",\"dateModified\":\"2021-01-02T21:51:54+00:00\",\"description\":\"Librairie gratuite pour Dyslexique\",\"breadcrumb\":{\"@id\":\"https:\\\/\\\/dysland.fr\\\/index.php\\\/librairie-2\\\/#breadcrumb\"},\"inLanguage\":\"fr-FR\",\"potentialAction\":[{\"@type\":\"ReadAction\",\"target\":[\"https:\\\/\\\/dysland.fr\\\/index.php\\\/librairie-2\\\/\"]}]},{\"@type\":\"ImageObject\",\"inLanguage\":\"fr-FR\",\"@id\":\"https:\\\/\\\/dysland.fr\\\/index.php\\\/librairie-2\\\/#primaryimage\",\"url\":\"http:\\\/\\\/dysland.fr\\\/wp-content\\\/uploads\\\/2021\\\/01\\\/Appel_foret.jpg\",\"contentUrl\":\"http:\\\/\\\/dysland.fr\\\/wp-content\\\/uploads\\\/2021\\\/01\\\/Appel_foret.jpg\"},{\"@type\":\"BreadcrumbList\",\"@id\":\"https:\\\/\\\/dysland.fr\\\/index.php\\\/librairie-2\\\/#breadcrumb\",\"itemListElement\":[{\"@type\":\"ListItem\",\"position\":1,\"name\":\"Accueil\",\"item\":\"https:\\\/\\\/dysland.fr\\\/\"},{\"@type\":\"ListItem\",\"position\":2,\"name\":\"Librairie\"}]},{\"@type\":\"WebSite\",\"@id\":\"https:\\\/\\\/dysland.fr\\\/#website\",\"url\":\"https:\\\/\\\/dysland.fr\\\/\",\"name\":\"Dysland.fr\",\"description\":\"En terre de dyslexie...\",\"publisher\":{\"@id\":\"https:\\\/\\\/dysland.fr\\\/#organization\"},\"potentialAction\":[{\"@type\":\"SearchAction\",\"target\":{\"@type\":\"EntryPoint\",\"urlTemplate\":\"https:\\\/\\\/dysland.fr\\\/?s={search_term_string}\"},\"query-input\":{\"@type\":\"PropertyValueSpecification\",\"valueRequired\":true,\"valueName\":\"search_term_string\"}}],\"inLanguage\":\"fr-FR\"},{\"@type\":\"Organization\",\"@id\":\"https:\\\/\\\/dysland.fr\\\/#organization\",\"name\":\"DYSLAND\",\"url\":\"https:\\\/\\\/dysland.fr\\\/\",\"logo\":{\"@type\":\"ImageObject\",\"inLanguage\":\"fr-FR\",\"@id\":\"https:\\\/\\\/dysland.fr\\\/#\\\/schema\\\/logo\\\/image\\\/\",\"url\":\"https:\\\/\\\/dysland.fr\\\/wp-content\\\/uploads\\\/2020\\\/11\\\/DysLand-Small-1.png\",\"contentUrl\":\"https:\\\/\\\/dysland.fr\\\/wp-content\\\/uploads\\\/2020\\\/11\\\/DysLand-Small-1.png\",\"width\":222,\"height\":42,\"caption\":\"DYSLAND\"},\"image\":{\"@id\":\"https:\\\/\\\/dysland.fr\\\/#\\\/schema\\\/logo\\\/image\\\/\"}}]}<\/script>\n<!-- \/ Yoast SEO plugin. -->","yoast_head_json":{"title":"Librairie - Dysland - Livre gratuit pour Dyslexique","description":"Librairie gratuite pour Dyslexique","robots":{"index":"index","follow":"follow","max-snippet":"max-snippet:-1","max-image-preview":"max-image-preview:large","max-video-preview":"max-video-preview:-1"},"canonical":"https:\/\/dysland.fr\/index.php\/librairie-2\/","og_locale":"fr_FR","og_type":"article","og_title":"Librairie - Dysland - Livre gratuit pour Dyslexique","og_description":"Librairie gratuite pour Dyslexique","og_url":"https:\/\/dysland.fr\/index.php\/librairie-2\/","og_site_name":"Dysland","article_modified_time":"2021-01-02T21:51:54+00:00","og_image":[{"url":"http:\/\/dysland.fr\/wp-content\/uploads\/2021\/01\/Appel_foret.jpg","type":"","width":"","height":""}],"twitter_card":"summary_large_image","twitter_misc":{"Dur\u00e9e de lecture estim\u00e9e":"1 minute"},"schema":{"@context":"https:\/\/schema.org","@graph":[{"@type":"WebPage","@id":"https:\/\/dysland.fr\/index.php\/librairie-2\/","url":"https:\/\/dysland.fr\/index.php\/librairie-2\/","name":"Librairie - Dysland - Livre gratuit pour Dyslexique","isPartOf":{"@id":"https:\/\/dysland.fr\/#website"},"primaryImageOfPage":{"@id":"https:\/\/dysland.fr\/index.php\/librairie-2\/#primaryimage"},"image":{"@id":"https:\/\/dysland.fr\/index.php\/librairie-2\/#primaryimage"},"thumbnailUrl":"http:\/\/dysland.fr\/wp-content\/uploads\/2021\/01\/Appel_foret.jpg","datePublished":"2020-11-19T20:46:41+00:00","dateModified":"2021-01-02T21:51:54+00:00","description":"Librairie gratuite pour Dyslexique","breadcrumb":{"@id":"https:\/\/dysland.fr\/index.php\/librairie-2\/#breadcrumb"},"inLanguage":"fr-FR","potentialAction":[{"@type":"ReadAction","target":["https:\/\/dysland.fr\/index.php\/librairie-2\/"]}]},{"@type":"ImageObject","inLanguage":"fr-FR","@id":"https:\/\/dysland.fr\/index.php\/librairie-2\/#primaryimage","url":"http:\/\/dysland.fr\/wp-content\/uploads\/2021\/01\/Appel_foret.jpg","contentUrl":"http:\/\/dysland.fr\/wp-content\/uploads\/2021\/01\/Appel_foret.jpg"},{"@type":"BreadcrumbList","@id":"https:\/\/dysland.fr\/index.php\/librairie-2\/#breadcrumb","itemListElement":[{"@type":"ListItem","position":1,"name":"Accueil","item":"https:\/\/dysland.fr\/"},{"@type":"ListItem","position":2,"name":"Librairie"}]},{"@type":"WebSite","@id":"https:\/\/dysland.fr\/#website","url":"https:\/\/dysland.fr\/","name":"Dysland.fr","description":"En terre de dyslexie...","publisher":{"@id":"https:\/\/dysland.fr\/#organization"},"potentialAction":[{"@type":"SearchAction","target":{"@type":"EntryPoint","urlTemplate":"https:\/\/dysland.fr\/?s={search_term_string}"},"query-input":{"@type":"PropertyValueSpecification","valueRequired":true,"valueName":"search_term_string"}}],"inLanguage":"fr-FR"},{"@type":"Organization","@id":"https:\/\/dysland.fr\/#organization","name":"DYSLAND","url":"https:\/\/dysland.fr\/","logo":{"@type":"ImageObject","inLanguage":"fr-FR","@id":"https:\/\/dysland.fr\/#\/schema\/logo\/image\/","url":"https:\/\/dysland.fr\/wp-content\/uploads\/2020\/11\/DysLand-Small-1.png","contentUrl":"https:\/\/dysland.fr\/wp-content\/uploads\/2020\/11\/DysLand-Small-1.png","width":222,"height":42,"caption":"DYSLAND"},"image":{"@id":"https:\/\/dysland.fr\/#\/schema\/logo\/image\/"}}]}},"_links":{"self":[{"href":"https:\/\/dysland.fr\/index.php\/wp-json\/wp\/v2\/pages\/3665","targetHints":{"allow":["GET"]}}],"collection":[{"href":"https:\/\/dysland.fr\/index.php\/wp-json\/wp\/v2\/pages"}],"about":[{"href":"https:\/\/dysland.fr\/index.php\/wp-json\/wp\/v2\/types\/page"}],"author":[{"embeddable":true,"href":"https:\/\/dysland.fr\/index.php\/wp-json\/wp\/v2\/users\/1"}],"replies":[{"embeddable":true,"href":"https:\/\/dysland.fr\/index.php\/wp-json\/wp\/v2\/comments?post=3665"}],"version-history":[{"count":17,"href":"https:\/\/dysland.fr\/index.php\/wp-json\/wp\/v2\/pages\/3665\/revisions"}],"predecessor-version":[{"id":3892,"href":"https:\/\/dysland.fr\/index.php\/wp-json\/wp\/v2\/pages\/3665\/revisions\/3892"}],"wp:attachment":[{"href":"https:\/\/dysland.fr\/index.php\/wp-json\/wp\/v2\/media?parent=3665"}],"curies":[{"name":"wp","href":"https:\/\/api.w.org\/{rel}","templated":true}]}}