{"id":3979,"date":"2021-01-03T11:36:57","date_gmt":"2021-01-03T10:36:57","guid":{"rendered":"http:\/\/dysland.fr\/?page_id=3979"},"modified":"2021-01-03T11:58:18","modified_gmt":"2021-01-03T10:58:18","slug":"blog","status":"publish","type":"page","link":"https:\/\/dysland.fr\/index.php\/blog\/","title":{"rendered":"Blog"},"content":{"rendered":"<div class=\"bdpp-wrap bdpp-lite bdpp-post-grid-wrap bdpp-post-data-wrap bdpp-design-2 bdpp-grid-3  bdpp-clearfix\" id=\"bdpp-post-grid-1\">\r\n\t<div class=\"bdpp-post-grid-inr-wrap bdpp-post-data-inr-wrap bdpp-clearfix\"><div class=\"bdpp-post-grid bdpp-col-3 bdpp-columns bdpp-post-4413 bdpp-post-standard bdpp-first bdpp-has-thumb\">\r\n\t<div class=\"bdpp-post-grid-content\">\r\n\t\t\t\t<div class=\"bdpp-post-img-bg\">\r\n\t\t\t<a href=\"https:\/\/dysland.fr\/index.php\/2021\/10\/09\/dysland-france-2-telematin\/\">\r\n\t\t\t\t<img decoding=\"async\" src=\"https:\/\/dysland.fr\/wp-content\/uploads\/2021\/10\/Dysland_telematin.png\" class=\"bdpp-img bdpp-post-feat-img\" alt=\"Dysland &#8211; France 2 &#8211; T\u00e9l\u00e9matin\" \/>\r\n\t\t\t<\/a>\r\n\t\t<\/div>\r\n\t\t\r\n\t\t<div class=\"bdpp-post-margin-content\">\r\n\t\t\t\t\t\t<div class=\"bdpp-post-cats\"><a class=\"bdpp-post-cat-link bdpp-post-cat-166 bdpp-post-cat-information\" href=\"https:\/\/dysland.fr\/index.php\/category\/information\/\">Information<\/a><\/div>\r\n\t\t\t\r\n\t\t\t<h2 class=\"bdpp-post-title\">\r\n\t\t\t\t<a href=\"https:\/\/dysland.fr\/index.php\/2021\/10\/09\/dysland-france-2-telematin\/\">Dysland &#8211; France 2 &#8211; T\u00e9l\u00e9matin<\/a>\r\n\t\t\t<\/h2>\r\n\r\n\t\t\t\t\t\t<div class=\"bdpp-post-meta bdpp-post-meta-up\">\r\n\t\t\t\t<span class=\"bdpp-post-meta-data bdpp-post-author\"><i class=\"fa fa-user\"><\/i>Arnaud V.<\/span><span class=\"bdpp-post-meta-sep\"> &ndash; <\/span><span class=\"bdpp-post-meta-data bdpp-post-date\"><i class=\"fa fa-clock-o\"><\/i>9 octobre 2021<\/span>\t\t\t<\/div>\r\n\t\t\t\t\t\t<div class=\"bdpp-post-content\">\r\n\t\t\t\t<div class=\"bdpp-post-desc\">Merci \u00e0 France 2 d&#39;avoir mis en lumi\u00e8re Dysland.fr Un site au service des Dyslexiques - Gratuit &amp; Sans publicit\u00e9 Retrouver plus de 60 livres color\u00e9s sur notre librairie.<\/div>\r\n\t\t\t\t\t\t\t\t\t<a href=\"https:\/\/dysland.fr\/index.php\/2021\/10\/09\/dysland-france-2-telematin\/\" class=\"bdpp-rdmr-btn\">Lire la suite<\/a>\r\n\t\t\t\t\t\t\t<\/div>\r\n\t\t\t\t\t\t<div class=\"bdpp-post-meta bdpp-post-meta-down\"><span class=\"bdpp-post-meta-data bdpp-post-tags\"><i class=\"fa fa fa-tags\"><\/i><a class=\"bdpp-post-cat-link bdpp-post-cat-221 bdpp-post-cat-france-2-telematin-60-livres-gratuits-pour-enfants-dys\" href=\"https:\/\/dysland.fr\/index.php\/tag\/france-2-telematin-60-livres-gratuits-pour-enfants-dys\/\">France 2 T\u00e9l\u00e9matin - 60 Livres Gratuits pour enfants DYS<\/a><\/span><\/div>\r\n\t\t\t\t\t<\/div>\r\n\t<\/div>\r\n<\/div><div class=\"bdpp-post-grid bdpp-col-3 bdpp-columns bdpp-post-3981 bdpp-post-standard bdpp-has-thumb\">\r\n\t<div class=\"bdpp-post-grid-content\">\r\n\t\t\t\t<div class=\"bdpp-post-img-bg\">\r\n\t\t\t<a href=\"https:\/\/dysland.fr\/index.php\/2021\/01\/03\/le-mobile-et-la-tv-au-service-de-la-lecture-dys\/\">\r\n\t\t\t\t<img decoding=\"async\" src=\"https:\/\/dysland.fr\/wp-content\/uploads\/2021\/01\/Mode_Op_TV-1609635602.6609.png\" class=\"bdpp-img bdpp-post-feat-img\" alt=\"Le Mobile et la TV au service de la Lecture Dys\" \/>\r\n\t\t\t<\/a>\r\n\t\t<\/div>\r\n\t\t\r\n\t\t<div class=\"bdpp-post-margin-content\">\r\n\t\t\t\t\t\t<div class=\"bdpp-post-cats\"><a class=\"bdpp-post-cat-link bdpp-post-cat-167 bdpp-post-cat-astuce_tuto\" href=\"https:\/\/dysland.fr\/index.php\/category\/astuce_tuto\/\">Astuce - Tuto<\/a><\/div>\r\n\t\t\t\r\n\t\t\t<h2 class=\"bdpp-post-title\">\r\n\t\t\t\t<a href=\"https:\/\/dysland.fr\/index.php\/2021\/01\/03\/le-mobile-et-la-tv-au-service-de-la-lecture-dys\/\">Le Mobile et la TV au service de la Lecture Dys<\/a>\r\n\t\t\t<\/h2>\r\n\r\n\t\t\t\t\t\t<div class=\"bdpp-post-meta bdpp-post-meta-up\">\r\n\t\t\t\t<span class=\"bdpp-post-meta-data bdpp-post-author\"><i class=\"fa fa-user\"><\/i>Arnaud V.<\/span><span class=\"bdpp-post-meta-sep\"> &ndash; <\/span><span class=\"bdpp-post-meta-data bdpp-post-date\"><i class=\"fa fa-clock-o\"><\/i>3 janvier 2021<\/span><span class=\"bdpp-post-meta-sep\"> &ndash; <\/span><span class=\"bdpp-post-meta-data bdpp-post-comments\"><i class=\"fa fa-comments\"><\/i>717 R\u00e9ponse <\/span>\t\t\t<\/div>\r\n\t\t\t\t\t\t<div class=\"bdpp-post-content\">\r\n\t\t\t\t<div class=\"bdpp-post-desc\">Faire lire un enfant Dys, n\u2019est pas une mince affaire. Apr\u00e8s 5 ans de combat, je vous fais part d\u2019une astuce qui peut fonctionner&nbsp;selon votre enfant : &quot;Faire lire un livre sur la TV depuis son Mobile&quot;. Pr\u00e9requis&nbsp;: Avoir une...<\/div>\r\n\t\t\t\t\t\t\t\t\t<a href=\"https:\/\/dysland.fr\/index.php\/2021\/01\/03\/le-mobile-et-la-tv-au-service-de-la-lecture-dys\/\" class=\"bdpp-rdmr-btn\">Lire la suite<\/a>\r\n\t\t\t\t\t\t\t<\/div>\r\n\t\t\t\t\t\t<div class=\"bdpp-post-meta bdpp-post-meta-down\"><span class=\"bdpp-post-meta-data bdpp-post-tags\"><i class=\"fa fa fa-tags\"><\/i><a class=\"bdpp-post-cat-link bdpp-post-cat-220 bdpp-post-cat-dyslexique-astuce-tuto-livre-gratuit-colore\" href=\"https:\/\/dysland.fr\/index.php\/tag\/dyslexique-astuce-tuto-livre-gratuit-colore\/\">Dyslexique Astuce Tuto Livre Gratuit Color\u00e9<\/a><\/span><\/div>\r\n\t\t\t\t\t<\/div>\r\n\t<\/div>\r\n<\/div><div class=\"bdpp-post-grid bdpp-col-3 bdpp-columns bdpp-post-3973 bdpp-post-standard bdpp-has-thumb\">\r\n\t<div class=\"bdpp-post-grid-content\">\r\n\t\t\t\t<div class=\"bdpp-post-img-bg\">\r\n\t\t\t<a href=\"https:\/\/dysland.fr\/index.php\/2021\/01\/03\/ouverture-de-dysland-fr\/\">\r\n\t\t\t\t<img decoding=\"async\" src=\"https:\/\/dysland.fr\/wp-content\/uploads\/2020\/11\/Enfant_lecture-Bandeau.png\" class=\"bdpp-img bdpp-post-feat-img\" alt=\"Ouverture de Dysland.fr.\" \/>\r\n\t\t\t<\/a>\r\n\t\t<\/div>\r\n\t\t\r\n\t\t<div class=\"bdpp-post-margin-content\">\r\n\t\t\t\t\t\t<div class=\"bdpp-post-cats\"><a class=\"bdpp-post-cat-link bdpp-post-cat-166 bdpp-post-cat-information\" href=\"https:\/\/dysland.fr\/index.php\/category\/information\/\">Information<\/a><\/div>\r\n\t\t\t\r\n\t\t\t<h2 class=\"bdpp-post-title\">\r\n\t\t\t\t<a href=\"https:\/\/dysland.fr\/index.php\/2021\/01\/03\/ouverture-de-dysland-fr\/\">Ouverture de Dysland.fr.<\/a>\r\n\t\t\t<\/h2>\r\n\r\n\t\t\t\t\t\t<div class=\"bdpp-post-meta bdpp-post-meta-up\">\r\n\t\t\t\t<span class=\"bdpp-post-meta-data bdpp-post-author\"><i class=\"fa fa-user\"><\/i>Arnaud V.<\/span><span class=\"bdpp-post-meta-sep\"> &ndash; <\/span><span class=\"bdpp-post-meta-data bdpp-post-date\"><i class=\"fa fa-clock-o\"><\/i>3 janvier 2021<\/span><span class=\"bdpp-post-meta-sep\"> &ndash; <\/span><span class=\"bdpp-post-meta-data bdpp-post-comments\"><i class=\"fa fa-comments\"><\/i>263 R\u00e9ponse <\/span>\t\t\t<\/div>\r\n\t\t\t\t\t\t<div class=\"bdpp-post-content\">\r\n\t\t\t\t<div class=\"bdpp-post-desc\">C\u2019est en sortant bredouille de chez Cultura, ou je cherchais \u00ab&nbsp;La belle et la b\u00eate&nbsp;\u00bb pour Eliott, mon 2ieme gar\u00e7on Dyslexique Orthographique de 6ieme, que j\u2019ai r\u00e9alis\u00e9 qu\u2019il avait un vide abyssal dans ce domaine. Les Dys ont des capacit\u00e9s...<\/div>\r\n\t\t\t\t\t\t\t\t\t<a href=\"https:\/\/dysland.fr\/index.php\/2021\/01\/03\/ouverture-de-dysland-fr\/\" class=\"bdpp-rdmr-btn\">Lire la suite<\/a>\r\n\t\t\t\t\t\t\t<\/div>\r\n\t\t\t\t\t\t<div class=\"bdpp-post-meta bdpp-post-meta-down\"><span class=\"bdpp-post-meta-data bdpp-post-tags\"><i class=\"fa fa fa-tags\"><\/i><a class=\"bdpp-post-cat-link bdpp-post-cat-169 bdpp-post-cat-livre-gratuit-pour-dyslexique\" href=\"https:\/\/dysland.fr\/index.php\/tag\/livre-gratuit-pour-dyslexique\/\">Livre gratuit pour Dyslexique<\/a><\/span><\/div>\r\n\t\t\t\t\t<\/div>\r\n\t<\/div>\r\n<\/div>\t<\/div>\r\n\t<\/div>\n\n\n\n<p><\/p>\n","protected":false},"excerpt":{"rendered":"","protected":false},"author":1,"featured_media":0,"parent":0,"menu_order":0,"comment_status":"closed","ping_status":"closed","template":"","meta":{"footnotes":""},"class_list":["post-3979","page","type-page","status-publish","hentry"],"yoast_head":"<!-- This site is optimized with the Yoast SEO plugin v27.3 - https:\/\/yoast.com\/product\/yoast-seo-wordpress\/ -->\n<title>Blog - Dysland<\/title>\n<meta name=\"robots\" content=\"index, follow, max-snippet:-1, max-image-preview:large, max-video-preview:-1\" \/>\n<link rel=\"canonical\" href=\"https:\/\/dysland.fr\/index.php\/blog\/\" \/>\n<meta property=\"og:locale\" content=\"fr_FR\" \/>\n<meta property=\"og:type\" content=\"article\" \/>\n<meta property=\"og:title\" content=\"Blog - Dysland\" \/>\n<meta property=\"og:url\" content=\"https:\/\/dysland.fr\/index.php\/blog\/\" \/>\n<meta property=\"og:site_name\" content=\"Dysland\" \/>\n<meta property=\"article:modified_time\" content=\"2021-01-03T10:58:18+00:00\" \/>\n<meta name=\"twitter:card\" content=\"summary_large_image\" \/>\n<script type=\"application\/ld+json\" class=\"yoast-schema-graph\">{\"@context\":\"https:\\\/\\\/schema.org\",\"@graph\":[{\"@type\":\"WebPage\",\"@id\":\"https:\\\/\\\/dysland.fr\\\/index.php\\\/blog\\\/\",\"url\":\"https:\\\/\\\/dysland.fr\\\/index.php\\\/blog\\\/\",\"name\":\"Blog - Dysland\",\"isPartOf\":{\"@id\":\"https:\\\/\\\/dysland.fr\\\/#website\"},\"datePublished\":\"2021-01-03T10:36:57+00:00\",\"dateModified\":\"2021-01-03T10:58:18+00:00\",\"breadcrumb\":{\"@id\":\"https:\\\/\\\/dysland.fr\\\/index.php\\\/blog\\\/#breadcrumb\"},\"inLanguage\":\"fr-FR\",\"potentialAction\":[{\"@type\":\"ReadAction\",\"target\":[\"https:\\\/\\\/dysland.fr\\\/index.php\\\/blog\\\/\"]}]},{\"@type\":\"BreadcrumbList\",\"@id\":\"https:\\\/\\\/dysland.fr\\\/index.php\\\/blog\\\/#breadcrumb\",\"itemListElement\":[{\"@type\":\"ListItem\",\"position\":1,\"name\":\"Accueil\",\"item\":\"https:\\\/\\\/dysland.fr\\\/\"},{\"@type\":\"ListItem\",\"position\":2,\"name\":\"Blog\"}]},{\"@type\":\"WebSite\",\"@id\":\"https:\\\/\\\/dysland.fr\\\/#website\",\"url\":\"https:\\\/\\\/dysland.fr\\\/\",\"name\":\"Dysland.fr\",\"description\":\"En terre de dyslexie...\",\"publisher\":{\"@id\":\"https:\\\/\\\/dysland.fr\\\/#organization\"},\"potentialAction\":[{\"@type\":\"SearchAction\",\"target\":{\"@type\":\"EntryPoint\",\"urlTemplate\":\"https:\\\/\\\/dysland.fr\\\/?s={search_term_string}\"},\"query-input\":{\"@type\":\"PropertyValueSpecification\",\"valueRequired\":true,\"valueName\":\"search_term_string\"}}],\"inLanguage\":\"fr-FR\"},{\"@type\":\"Organization\",\"@id\":\"https:\\\/\\\/dysland.fr\\\/#organization\",\"name\":\"DYSLAND\",\"url\":\"https:\\\/\\\/dysland.fr\\\/\",\"logo\":{\"@type\":\"ImageObject\",\"inLanguage\":\"fr-FR\",\"@id\":\"https:\\\/\\\/dysland.fr\\\/#\\\/schema\\\/logo\\\/image\\\/\",\"url\":\"https:\\\/\\\/dysland.fr\\\/wp-content\\\/uploads\\\/2020\\\/11\\\/DysLand-Small-1.png\",\"contentUrl\":\"https:\\\/\\\/dysland.fr\\\/wp-content\\\/uploads\\\/2020\\\/11\\\/DysLand-Small-1.png\",\"width\":222,\"height\":42,\"caption\":\"DYSLAND\"},\"image\":{\"@id\":\"https:\\\/\\\/dysland.fr\\\/#\\\/schema\\\/logo\\\/image\\\/\"}}]}<\/script>\n<!-- \/ Yoast SEO plugin. -->","yoast_head_json":{"title":"Blog - Dysland","robots":{"index":"index","follow":"follow","max-snippet":"max-snippet:-1","max-image-preview":"max-image-preview:large","max-video-preview":"max-video-preview:-1"},"canonical":"https:\/\/dysland.fr\/index.php\/blog\/","og_locale":"fr_FR","og_type":"article","og_title":"Blog - Dysland","og_url":"https:\/\/dysland.fr\/index.php\/blog\/","og_site_name":"Dysland","article_modified_time":"2021-01-03T10:58:18+00:00","twitter_card":"summary_large_image","schema":{"@context":"https:\/\/schema.org","@graph":[{"@type":"WebPage","@id":"https:\/\/dysland.fr\/index.php\/blog\/","url":"https:\/\/dysland.fr\/index.php\/blog\/","name":"Blog - Dysland","isPartOf":{"@id":"https:\/\/dysland.fr\/#website"},"datePublished":"2021-01-03T10:36:57+00:00","dateModified":"2021-01-03T10:58:18+00:00","breadcrumb":{"@id":"https:\/\/dysland.fr\/index.php\/blog\/#breadcrumb"},"inLanguage":"fr-FR","potentialAction":[{"@type":"ReadAction","target":["https:\/\/dysland.fr\/index.php\/blog\/"]}]},{"@type":"BreadcrumbList","@id":"https:\/\/dysland.fr\/index.php\/blog\/#breadcrumb","itemListElement":[{"@type":"ListItem","position":1,"name":"Accueil","item":"https:\/\/dysland.fr\/"},{"@type":"ListItem","position":2,"name":"Blog"}]},{"@type":"WebSite","@id":"https:\/\/dysland.fr\/#website","url":"https:\/\/dysland.fr\/","name":"Dysland.fr","description":"En terre de dyslexie...","publisher":{"@id":"https:\/\/dysland.fr\/#organization"},"potentialAction":[{"@type":"SearchAction","target":{"@type":"EntryPoint","urlTemplate":"https:\/\/dysland.fr\/?s={search_term_string}"},"query-input":{"@type":"PropertyValueSpecification","valueRequired":true,"valueName":"search_term_string"}}],"inLanguage":"fr-FR"},{"@type":"Organization","@id":"https:\/\/dysland.fr\/#organization","name":"DYSLAND","url":"https:\/\/dysland.fr\/","logo":{"@type":"ImageObject","inLanguage":"fr-FR","@id":"https:\/\/dysland.fr\/#\/schema\/logo\/image\/","url":"https:\/\/dysland.fr\/wp-content\/uploads\/2020\/11\/DysLand-Small-1.png","contentUrl":"https:\/\/dysland.fr\/wp-content\/uploads\/2020\/11\/DysLand-Small-1.png","width":222,"height":42,"caption":"DYSLAND"},"image":{"@id":"https:\/\/dysland.fr\/#\/schema\/logo\/image\/"}}]}},"_links":{"self":[{"href":"https:\/\/dysland.fr\/index.php\/wp-json\/wp\/v2\/pages\/3979","targetHints":{"allow":["GET"]}}],"collection":[{"href":"https:\/\/dysland.fr\/index.php\/wp-json\/wp\/v2\/pages"}],"about":[{"href":"https:\/\/dysland.fr\/index.php\/wp-json\/wp\/v2\/types\/page"}],"author":[{"embeddable":true,"href":"https:\/\/dysland.fr\/index.php\/wp-json\/wp\/v2\/users\/1"}],"replies":[{"embeddable":true,"href":"https:\/\/dysland.fr\/index.php\/wp-json\/wp\/v2\/comments?post=3979"}],"version-history":[{"count":5,"href":"https:\/\/dysland.fr\/index.php\/wp-json\/wp\/v2\/pages\/3979\/revisions"}],"predecessor-version":[{"id":3991,"href":"https:\/\/dysland.fr\/index.php\/wp-json\/wp\/v2\/pages\/3979\/revisions\/3991"}],"wp:attachment":[{"href":"https:\/\/dysland.fr\/index.php\/wp-json\/wp\/v2\/media?parent=3979"}],"curies":[{"name":"wp","href":"https:\/\/api.w.org\/{rel}","templated":true}]}}